{"id":679,"date":"2025-07-19T22:56:44","date_gmt":"2025-07-19T18:56:44","guid":{"rendered":"https:\/\/diamondcenter.az\/?page_id=679"},"modified":"2025-07-19T23:43:16","modified_gmt":"2025-07-19T19:43:16","slug":"vusal%c9%99-emirova","status":"publish","type":"page","link":"https:\/\/diamondcenter.az\/?page_id=679","title":{"rendered":"V\u00fcsal\u0259 \u018fmirova"},"content":{"rendered":"\t\t<div data-elementor-type=\"wp-page\" data-elementor-id=\"679\" class=\"elementor elementor-679\" data-elementor-settings=\"{&quot;element_pack_global_tooltip_width&quot;:{&quot;unit&quot;:&quot;px&quot;,&quot;size&quot;:&quot;&quot;,&quot;sizes&quot;:[]},&quot;element_pack_global_tooltip_width_tablet&quot;:{&quot;unit&quot;:&quot;px&quot;,&quot;size&quot;:&quot;&quot;,&quot;sizes&quot;:[]},&quot;element_pack_global_tooltip_width_mobile&quot;:{&quot;unit&quot;:&quot;px&quot;,&quot;size&quot;:&quot;&quot;,&quot;sizes&quot;:[]},&quot;element_pack_global_tooltip_padding&quot;:{&quot;unit&quot;:&quot;px&quot;,&quot;top&quot;:&quot;&quot;,&quot;right&quot;:&quot;&quot;,&quot;bottom&quot;:&quot;&quot;,&quot;left&quot;:&quot;&quot;,&quot;isLinked&quot;:true},&quot;element_pack_global_tooltip_padding_tablet&quot;:{&quot;unit&quot;:&quot;px&quot;,&quot;top&quot;:&quot;&quot;,&quot;right&quot;:&quot;&quot;,&quot;bottom&quot;:&quot;&quot;,&quot;left&quot;:&quot;&quot;,&quot;isLinked&quot;:true},&quot;element_pack_global_tooltip_padding_mobile&quot;:{&quot;unit&quot;:&quot;px&quot;,&quot;top&quot;:&quot;&quot;,&quot;right&quot;:&quot;&quot;,&quot;bottom&quot;:&quot;&quot;,&quot;left&quot;:&quot;&quot;,&quot;isLinked&quot;:true},&quot;element_pack_global_tooltip_border_radius&quot;:{&quot;unit&quot;:&quot;px&quot;,&quot;top&quot;:&quot;&quot;,&quot;right&quot;:&quot;&quot;,&quot;bottom&quot;:&quot;&quot;,&quot;left&quot;:&quot;&quot;,&quot;isLinked&quot;:true},&quot;element_pack_global_tooltip_border_radius_tablet&quot;:{&quot;unit&quot;:&quot;px&quot;,&quot;top&quot;:&quot;&quot;,&quot;right&quot;:&quot;&quot;,&quot;bottom&quot;:&quot;&quot;,&quot;left&quot;:&quot;&quot;,&quot;isLinked&quot;:true},&quot;element_pack_global_tooltip_border_radius_mobile&quot;:{&quot;unit&quot;:&quot;px&quot;,&quot;top&quot;:&quot;&quot;,&quot;right&quot;:&quot;&quot;,&quot;bottom&quot;:&quot;&quot;,&quot;left&quot;:&quot;&quot;,&quot;isLinked&quot;:true}}\" data-elementor-post-type=\"page\">\n\t\t\t\t<div class=\"elementor-element elementor-element-12599eb8 bdt-particles-yes e-flex e-con-boxed e-con e-parent\" data-id=\"12599eb8\" data-element_type=\"container\" data-settings=\"{&quot;background_background&quot;:&quot;classic&quot;,&quot;section_particles_on&quot;:&quot;yes&quot;}\">\n\t\t\t\t\t<div class=\"e-con-inner\">\n\t\t\t\t<div class=\"elementor-element elementor-element-a2a30ce elementor-widget elementor-widget-heading\" data-id=\"a2a30ce\" data-element_type=\"widget\" data-widget_type=\"heading.default\">\n\t\t\t\t<div class=\"elementor-widget-container\">\n\t\t\t\t\t<h2 class=\"elementor-heading-title elementor-size-default\">T\u0259sis\u00e7i v\u0259 direktor<\/h2>\t\t\t\t<\/div>\n\t\t\t\t<\/div>\n\t\t\t\t\t<\/div>\n\t\t\t\t<\/div>\n\t\t<div class=\"elementor-element elementor-element-63c44d7 e-flex e-con-boxed e-con e-parent\" data-id=\"63c44d7\" data-element_type=\"container\">\n\t\t\t\t\t<div class=\"e-con-inner\">\n\t\t\t\t<div class=\"elementor-element elementor-element-4fd523c elementor-widget elementor-widget-spacer\" data-id=\"4fd523c\" data-element_type=\"widget\" data-widget_type=\"spacer.default\">\n\t\t\t\t<div class=\"elementor-widget-container\">\n\t\t\t\t\t\t\t<div class=\"elementor-spacer\">\n\t\t\t<div class=\"elementor-spacer-inner\"><\/div>\n\t\t<\/div>\n\t\t\t\t\t\t<\/div>\n\t\t\t\t<\/div>\n\t\t\t\t\t<\/div>\n\t\t\t\t<\/div>\n\t\t<div class=\"elementor-element elementor-element-f2d6c3e e-flex e-con-boxed e-con e-parent\" data-id=\"f2d6c3e\" data-element_type=\"container\">\n\t\t\t\t\t<div class=\"e-con-inner\">\n\t\t<div class=\"elementor-element elementor-element-404ed3f e-con-full e-flex e-con e-child\" data-id=\"404ed3f\" data-element_type=\"container\">\n\t\t\t\t<div class=\"elementor-element elementor-element-c292acb elementor-widget elementor-widget-image\" data-id=\"c292acb\" data-element_type=\"widget\" data-widget_type=\"image.default\">\n\t\t\t\t<div class=\"elementor-widget-container\">\n\t\t\t\t\t\t\t\t\t\t\t\t\t\t\t<img fetchpriority=\"high\" decoding=\"async\" width=\"683\" height=\"1024\" src=\"https:\/\/diamondcenter.az\/wp-content\/uploads\/2025\/07\/Vusal\u0259_Amirova-_Direktor-683x1024.jpg\" class=\"attachment-large size-large wp-image-616\" alt=\"\" srcset=\"https:\/\/diamondcenter.az\/wp-content\/uploads\/2025\/07\/Vusal\u0259_Amirova-_Direktor-683x1024.jpg 683w, https:\/\/diamondcenter.az\/wp-content\/uploads\/2025\/07\/Vusal\u0259_Amirova-_Direktor-200x300.jpg 200w, https:\/\/diamondcenter.az\/wp-content\/uploads\/2025\/07\/Vusal\u0259_Amirova-_Direktor-768x1152.jpg 768w, https:\/\/diamondcenter.az\/wp-content\/uploads\/2025\/07\/Vusal\u0259_Amirova-_Direktor-1024x1536.jpg 1024w, https:\/\/diamondcenter.az\/wp-content\/uploads\/2025\/07\/Vusal\u0259_Amirova-_Direktor-433x650.jpg 433w, https:\/\/diamondcenter.az\/wp-content\/uploads\/2025\/07\/Vusal\u0259_Amirova-_Direktor.jpg 1365w\" sizes=\"(max-width: 683px) 100vw, 683px\" \/>\t\t\t\t\t\t\t\t\t\t\t\t\t\t\t<\/div>\n\t\t\t\t<\/div>\n\t\t\t\t<\/div>\n\t\t<div class=\"elementor-element elementor-element-873f49e e-con-full e-flex e-con e-child\" data-id=\"873f49e\" data-element_type=\"container\">\n\t\t\t\t<div class=\"elementor-element elementor-element-4766761 elementor-widget elementor-widget-text-editor\" data-id=\"4766761\" data-element_type=\"widget\" data-widget_type=\"text-editor.default\">\n\t\t\t\t<div class=\"elementor-widget-container\">\n\t\t\t\t\t\t\t\t\t<p><span style=\"font-weight: 400;\">M\u0259n, V\u00fcsal\u0259 \u018fmirova, 02 noyabr 1988-ci ild\u0259 Nax\u00e7\u0131van \u015f\u0259h\u0259rind\u0259 anadan olmu\u015fam.<\/span><span style=\"font-weight: 400;\"><br \/><\/span><span style=\"font-weight: 400;\"><br \/><\/span><span style=\"font-weight: 400;\">2006\u20132011-ci ill\u0259rd\u0259 Nax\u00e7\u0131van D\u00f6vl\u0259t Universitetinin Filologiya fak\u00fclt\u0259sind\u0259 bakalavr t\u0259hsili alm\u0131\u015fam. Daha sonra 2021\u20132023-c\u00fc ill\u0259rd\u0259 Ukraynan\u0131n Zaporojye D\u00f6vl\u0259t Universitetind\u0259 \u00dcmumi Psixologiya ixtisas\u0131 \u00fczr\u0259 magistratura t\u0259hsilimi ba\u015fa vurmu\u015fam.<\/span><span style=\"font-weight: 400;\"><br \/><\/span><span style=\"font-weight: 400;\"><br \/><\/span><span style=\"font-weight: 400;\">2023\u20132024-c\u00fc ill\u0259rd\u0259 Rusiya Federasiyas\u0131n\u0131n Sankt-Peterburq D\u00f6vl\u0259t Universitetind\u0259 Klinik Psixologiya \u00fczr\u0259 ixtisasart\u0131rma t\u0259hsili alm\u0131\u015fam.<\/span><span style=\"font-weight: 400;\"><br \/><\/span><span style=\"font-weight: 400;\"><br \/><\/span><span style=\"font-weight: 400;\">2024-c\u00fc ild\u0259n etibar\u0259n \u201cDiamond Center\u201d v\u0259 \u201cDiamond Academy\u201dnin t\u0259sis\u00e7isiy\u0259m. H\u0259min ild\u0259n etibar\u0259n Bak\u0131 Medical Plaza-da Klinik Psixoloq kimi f\u0259aliyy\u0259t g\u00f6st\u0259rir\u0259m. Eyni zamanda, 2024-c\u00fc ild\u0259n Amerika Psixoloqlar Assosiasiyas\u0131n\u0131n (APA) \u00fczv\u00fcy\u0259m.<\/span><span style=\"font-weight: 400;\"><br \/><\/span><span style=\"font-weight: 400;\"><br \/><\/span><span style=\"font-weight: 400;\">Ruh y\u00fcks\u0259kliyin\u0259 sahib, diqq\u0259tcil v\u0259 \u00f6z\u00fcn\u0259inaml\u0131 biri olaraq, \u00e7al\u0131\u015fd\u0131\u011f\u0131m sah\u0259l\u0259rd\u0259 qazand\u0131\u011f\u0131m b\u00fct\u00fcn bilik v\u0259 t\u0259cr\u00fcb\u0259d\u0259n s\u0259m\u0259r\u0259li \u015f\u0259kild\u0259 istifad\u0259 etm\u0259y\u0259 \u00e7al\u0131\u015f\u0131ram. \u018fsas m\u0259qs\u0259dim c\u0259miyy\u0259t\u0259 xidm\u0259t etm\u0259k v\u0259 psixoloji inki\u015faf\u0131 t\u0259\u015fviq etm\u0259kdir.<\/span><\/p>\t\t\t\t\t\t\t\t<\/div>\n\t\t\t\t<\/div>\n\t\t\t\t<\/div>\n\t\t\t\t\t<\/div>\n\t\t\t\t<\/div>\n\t\t<div class=\"elementor-element elementor-element-0c1dc00 e-flex e-con-boxed e-con e-parent\" data-id=\"0c1dc00\" data-element_type=\"container\">\n\t\t\t\t\t<div class=\"e-con-inner\">\n\t\t\t\t<div class=\"elementor-element elementor-element-1452e80 elementor-widget elementor-widget-spacer\" data-id=\"1452e80\" data-element_type=\"widget\" data-widget_type=\"spacer.default\">\n\t\t\t\t<div class=\"elementor-widget-container\">\n\t\t\t\t\t\t\t<div class=\"elementor-spacer\">\n\t\t\t<div class=\"elementor-spacer-inner\"><\/div>\n\t\t<\/div>\n\t\t\t\t\t\t<\/div>\n\t\t\t\t<\/div>\n\t\t\t\t\t<\/div>\n\t\t\t\t<\/div>\n\t\t\t\t<\/div>\n\t\t","protected":false},"excerpt":{"rendered":"<p>T\u0259sis\u00e7i v\u0259 direktor M\u0259n, V\u00fcsal\u0259 \u018fmirova, 02 noyabr 1988-ci ild\u0259 Nax\u00e7\u0131van \u015f\u0259h\u0259rind\u0259 anadan olmu\u015fam. 2006\u20132011-ci ill\u0259rd\u0259 Nax\u00e7\u0131van D\u00f6vl\u0259t Universitetinin Filologiya fak\u00fclt\u0259sind\u0259 bakalavr [&hellip;]<\/p>\n","protected":false},"author":1,"featured_media":0,"parent":0,"menu_order":0,"comment_status":"closed","ping_status":"closed","template":"","meta":{"footnotes":""},"class_list":["post-679","page","type-page","status-publish","hentry"],"_links":{"self":[{"href":"https:\/\/diamondcenter.az\/index.php?rest_route=\/wp\/v2\/pages\/679","targetHints":{"allow":["GET"]}}],"collection":[{"href":"https:\/\/diamondcenter.az\/index.php?rest_route=\/wp\/v2\/pages"}],"about":[{"href":"https:\/\/diamondcenter.az\/index.php?rest_route=\/wp\/v2\/types\/page"}],"author":[{"embeddable":true,"href":"https:\/\/diamondcenter.az\/index.php?rest_route=\/wp\/v2\/users\/1"}],"replies":[{"embeddable":true,"href":"https:\/\/diamondcenter.az\/index.php?rest_route=%2Fwp%2Fv2%2Fcomments&post=679"}],"version-history":[{"count":4,"href":"https:\/\/diamondcenter.az\/index.php?rest_route=\/wp\/v2\/pages\/679\/revisions"}],"predecessor-version":[{"id":685,"href":"https:\/\/diamondcenter.az\/index.php?rest_route=\/wp\/v2\/pages\/679\/revisions\/685"}],"wp:attachment":[{"href":"https:\/\/diamondcenter.az\/index.php?rest_route=%2Fwp%2Fv2%2Fmedia&parent=679"}],"curies":[{"name":"wp","href":"https:\/\/api.w.org\/{rel}","templated":true}]}}