{"id":509,"date":"2025-02-18T00:25:31","date_gmt":"2025-02-17T20:25:31","guid":{"rendered":"https:\/\/diamondcenter.az\/?page_id=509"},"modified":"2025-03-14T16:47:02","modified_gmt":"2025-03-14T12:47:02","slug":"xidm%c9%99tl%c9%99r","status":"publish","type":"page","link":"https:\/\/diamondcenter.az\/?page_id=509","title":{"rendered":"Xidm\u0259tl\u0259r"},"content":{"rendered":"\t\t<div data-elementor-type=\"wp-page\" data-elementor-id=\"509\" class=\"elementor elementor-509\" data-elementor-settings=\"{&quot;element_pack_global_tooltip_width&quot;:{&quot;unit&quot;:&quot;px&quot;,&quot;size&quot;:&quot;&quot;,&quot;sizes&quot;:[]},&quot;element_pack_global_tooltip_width_tablet&quot;:{&quot;unit&quot;:&quot;px&quot;,&quot;size&quot;:&quot;&quot;,&quot;sizes&quot;:[]},&quot;element_pack_global_tooltip_width_mobile&quot;:{&quot;unit&quot;:&quot;px&quot;,&quot;size&quot;:&quot;&quot;,&quot;sizes&quot;:[]},&quot;element_pack_global_tooltip_padding&quot;:{&quot;unit&quot;:&quot;px&quot;,&quot;top&quot;:&quot;&quot;,&quot;right&quot;:&quot;&quot;,&quot;bottom&quot;:&quot;&quot;,&quot;left&quot;:&quot;&quot;,&quot;isLinked&quot;:true},&quot;element_pack_global_tooltip_padding_tablet&quot;:{&quot;unit&quot;:&quot;px&quot;,&quot;top&quot;:&quot;&quot;,&quot;right&quot;:&quot;&quot;,&quot;bottom&quot;:&quot;&quot;,&quot;left&quot;:&quot;&quot;,&quot;isLinked&quot;:true},&quot;element_pack_global_tooltip_padding_mobile&quot;:{&quot;unit&quot;:&quot;px&quot;,&quot;top&quot;:&quot;&quot;,&quot;right&quot;:&quot;&quot;,&quot;bottom&quot;:&quot;&quot;,&quot;left&quot;:&quot;&quot;,&quot;isLinked&quot;:true},&quot;element_pack_global_tooltip_border_radius&quot;:{&quot;unit&quot;:&quot;px&quot;,&quot;top&quot;:&quot;&quot;,&quot;right&quot;:&quot;&quot;,&quot;bottom&quot;:&quot;&quot;,&quot;left&quot;:&quot;&quot;,&quot;isLinked&quot;:true},&quot;element_pack_global_tooltip_border_radius_tablet&quot;:{&quot;unit&quot;:&quot;px&quot;,&quot;top&quot;:&quot;&quot;,&quot;right&quot;:&quot;&quot;,&quot;bottom&quot;:&quot;&quot;,&quot;left&quot;:&quot;&quot;,&quot;isLinked&quot;:true},&quot;element_pack_global_tooltip_border_radius_mobile&quot;:{&quot;unit&quot;:&quot;px&quot;,&quot;top&quot;:&quot;&quot;,&quot;right&quot;:&quot;&quot;,&quot;bottom&quot;:&quot;&quot;,&quot;left&quot;:&quot;&quot;,&quot;isLinked&quot;:true}}\" data-elementor-post-type=\"page\">\n\t\t\t\t<div class=\"elementor-element elementor-element-5e07463b bdt-particles-yes e-flex e-con-boxed e-con e-parent\" data-id=\"5e07463b\" data-element_type=\"container\" data-settings=\"{&quot;background_background&quot;:&quot;classic&quot;,&quot;section_particles_on&quot;:&quot;yes&quot;}\">\n\t\t\t\t\t<div class=\"e-con-inner\">\n\t\t\t\t<div class=\"elementor-element elementor-element-2a736ad5 elementor-widget elementor-widget-heading\" data-id=\"2a736ad5\" data-element_type=\"widget\" data-widget_type=\"heading.default\">\n\t\t\t\t<div class=\"elementor-widget-container\">\n\t\t\t\t\t<h2 class=\"elementor-heading-title elementor-size-default\">Xidm\u0259tl\u0259r<\/h2>\t\t\t\t<\/div>\n\t\t\t\t<\/div>\n\t\t\t\t\t<\/div>\n\t\t\t\t<\/div>\n\t\t\t\t<section class=\"elementor-section elementor-top-section elementor-element elementor-element-289a88d7 elementor-section-boxed elementor-section-height-default elementor-section-height-default\" data-id=\"289a88d7\" data-element_type=\"section\">\n\t\t\t\t\t\t<div class=\"elementor-container elementor-column-gap-default\">\n\t\t\t\t\t<div class=\"elementor-column elementor-col-100 elementor-top-column elementor-element elementor-element-4a3fd382\" data-id=\"4a3fd382\" data-element_type=\"column\">\n\t\t\t<div class=\"elementor-widget-wrap elementor-element-populated\">\n\t\t\t\t\t\t<div class=\"elementor-element elementor-element-7be9a71a elementor-invisible elementor-widget elementor-widget-heading\" data-id=\"7be9a71a\" data-element_type=\"widget\" data-settings=\"{&quot;_animation&quot;:&quot;fadeInUp&quot;}\" data-widget_type=\"heading.default\">\n\t\t\t\t<div class=\"elementor-widget-container\">\n\t\t\t\t\t<h5 class=\"elementor-heading-title elementor-size-default\">X\u0130DM\u018fTL\u018fR\u0130M\u0130Z<\/h5>\t\t\t\t<\/div>\n\t\t\t\t<\/div>\n\t\t\t\t<div class=\"elementor-element elementor-element-4bea8fa3 elementor-invisible elementor-widget elementor-widget-heading\" data-id=\"4bea8fa3\" data-element_type=\"widget\" data-settings=\"{&quot;_animation&quot;:&quot;fadeInUp&quot;,&quot;_animation_delay&quot;:200}\" data-widget_type=\"heading.default\">\n\t\t\t\t<div class=\"elementor-widget-container\">\n\t\t\t\t\t<h2 class=\"elementor-heading-title elementor-size-default\">B\u0130Z HANSI X\u0130DM\u018fTL\u018fR\u0130<BR>\nG\u00d6ST\u018fR\u0130R\u0130K?<\/h2>\t\t\t\t<\/div>\n\t\t\t\t<\/div>\n\t\t\t\t<section class=\"elementor-section elementor-inner-section elementor-element elementor-element-745a3c17 elementor-section-boxed elementor-section-height-default elementor-section-height-default\" data-id=\"745a3c17\" data-element_type=\"section\">\n\t\t\t\t\t\t<div class=\"elementor-container elementor-column-gap-default\">\n\t\t\t\t\t<div class=\"elementor-column elementor-col-25 elementor-inner-column elementor-element elementor-element-3496d435\" data-id=\"3496d435\" data-element_type=\"column\">\n\t\t\t<div class=\"elementor-widget-wrap elementor-element-populated\">\n\t\t\t\t\t\t<div class=\"elementor-element elementor-element-422b24ef elementor-invisible elementor-widget elementor-widget-image\" data-id=\"422b24ef\" data-element_type=\"widget\" data-settings=\"{&quot;_animation&quot;:&quot;fadeInUp&quot;,&quot;_animation_delay&quot;:400}\" data-widget_type=\"image.default\">\n\t\t\t\t<div class=\"elementor-widget-container\">\n\t\t\t\t\t\t\t\t\t\t\t\t\t\t\t<img fetchpriority=\"high\" decoding=\"async\" width=\"4654\" height=\"4111\" src=\"https:\/\/diamondcenter.az\/wp-content\/uploads\/2025\/01\/diamond.png\" class=\"attachment-full size-full wp-image-138\" alt=\"\" srcset=\"https:\/\/diamondcenter.az\/wp-content\/uploads\/2025\/01\/diamond.png 4654w, https:\/\/diamondcenter.az\/wp-content\/uploads\/2025\/01\/diamond-300x265.png 300w, https:\/\/diamondcenter.az\/wp-content\/uploads\/2025\/01\/diamond-1024x905.png 1024w, https:\/\/diamondcenter.az\/wp-content\/uploads\/2025\/01\/diamond-768x678.png 768w, https:\/\/diamondcenter.az\/wp-content\/uploads\/2025\/01\/diamond-1536x1357.png 1536w, https:\/\/diamondcenter.az\/wp-content\/uploads\/2025\/01\/diamond-2048x1809.png 2048w, https:\/\/diamondcenter.az\/wp-content\/uploads\/2025\/01\/diamond-650x574.png 650w\" sizes=\"(max-width: 4654px) 100vw, 4654px\" \/>\t\t\t\t\t\t\t\t\t\t\t\t\t\t\t<\/div>\n\t\t\t\t<\/div>\n\t\t\t\t<div class=\"elementor-element elementor-element-251aefb2 elementor-invisible elementor-widget elementor-widget-heading\" data-id=\"251aefb2\" data-element_type=\"widget\" data-settings=\"{&quot;_animation&quot;:&quot;fadeInUp&quot;,&quot;_animation_delay&quot;:600}\" data-widget_type=\"heading.default\">\n\t\t\t\t<div class=\"elementor-widget-container\">\n\t\t\t\t\t<h4 class=\"elementor-heading-title elementor-size-default\">\u00dcmumi psixoloji xidm\u0259tl\u0259r<\/h4>\t\t\t\t<\/div>\n\t\t\t\t<\/div>\n\t\t\t\t<div class=\"elementor-element elementor-element-32260101 elementor-align-center elementor-invisible elementor-widget elementor-widget-button\" data-id=\"32260101\" data-element_type=\"widget\" data-settings=\"{&quot;_animation&quot;:&quot;fadeInUp&quot;,&quot;_animation_delay&quot;:1000}\" data-widget_type=\"button.default\">\n\t\t\t\t<div class=\"elementor-widget-container\">\n\t\t\t\t\t\t\t\t\t<div class=\"elementor-button-wrapper\">\n\t\t\t\t\t<a class=\"elementor-button elementor-button-link elementor-size-md\" href=\"#\">\n\t\t\t\t\t\t<span class=\"elementor-button-content-wrapper\">\n\t\t\t\t\t\t\t\t\t<span class=\"elementor-button-text\">\u018fTRAFLI<\/span>\n\t\t\t\t\t<\/span>\n\t\t\t\t\t<\/a>\n\t\t\t\t<\/div>\n\t\t\t\t\t\t\t\t<\/div>\n\t\t\t\t<\/div>\n\t\t\t\t\t<\/div>\n\t\t<\/div>\n\t\t\t\t<div class=\"elementor-column elementor-col-25 elementor-inner-column elementor-element elementor-element-42d82a80\" data-id=\"42d82a80\" data-element_type=\"column\">\n\t\t\t<div class=\"elementor-widget-wrap elementor-element-populated\">\n\t\t\t\t\t\t<div class=\"elementor-element elementor-element-5004d24 elementor-invisible elementor-widget elementor-widget-image\" data-id=\"5004d24\" data-element_type=\"widget\" data-settings=\"{&quot;_animation&quot;:&quot;fadeInUp&quot;,&quot;_animation_delay&quot;:1200}\" data-widget_type=\"image.default\">\n\t\t\t\t<div class=\"elementor-widget-container\">\n\t\t\t\t\t\t\t\t\t\t\t\t\t\t\t<img fetchpriority=\"high\" decoding=\"async\" width=\"4654\" height=\"4111\" src=\"https:\/\/diamondcenter.az\/wp-content\/uploads\/2025\/01\/diamond.png\" class=\"attachment-full size-full wp-image-138\" alt=\"\" srcset=\"https:\/\/diamondcenter.az\/wp-content\/uploads\/2025\/01\/diamond.png 4654w, https:\/\/diamondcenter.az\/wp-content\/uploads\/2025\/01\/diamond-300x265.png 300w, https:\/\/diamondcenter.az\/wp-content\/uploads\/2025\/01\/diamond-1024x905.png 1024w, https:\/\/diamondcenter.az\/wp-content\/uploads\/2025\/01\/diamond-768x678.png 768w, https:\/\/diamondcenter.az\/wp-content\/uploads\/2025\/01\/diamond-1536x1357.png 1536w, https:\/\/diamondcenter.az\/wp-content\/uploads\/2025\/01\/diamond-2048x1809.png 2048w, https:\/\/diamondcenter.az\/wp-content\/uploads\/2025\/01\/diamond-650x574.png 650w\" sizes=\"(max-width: 4654px) 100vw, 4654px\" \/>\t\t\t\t\t\t\t\t\t\t\t\t\t\t\t<\/div>\n\t\t\t\t<\/div>\n\t\t\t\t<div class=\"elementor-element elementor-element-d0ed68 elementor-invisible elementor-widget elementor-widget-heading\" data-id=\"d0ed68\" data-element_type=\"widget\" data-settings=\"{&quot;_animation&quot;:&quot;fadeInUp&quot;,&quot;_animation_delay&quot;:1400}\" data-widget_type=\"heading.default\">\n\t\t\t\t<div class=\"elementor-widget-container\">\n\t\t\t\t\t<h4 class=\"elementor-heading-title elementor-size-default\">U\u015faqlar \u00fc\u00e7\u00fcn psixoloji xidm\u0259tl\u0259r<\/h4>\t\t\t\t<\/div>\n\t\t\t\t<\/div>\n\t\t\t\t<div class=\"elementor-element elementor-element-10c6aeea elementor-align-center elementor-invisible elementor-widget elementor-widget-button\" data-id=\"10c6aeea\" data-element_type=\"widget\" data-settings=\"{&quot;_animation&quot;:&quot;fadeInUp&quot;,&quot;_animation_delay&quot;:1000}\" data-widget_type=\"button.default\">\n\t\t\t\t<div class=\"elementor-widget-container\">\n\t\t\t\t\t\t\t\t\t<div class=\"elementor-button-wrapper\">\n\t\t\t\t\t<a class=\"elementor-button elementor-button-link elementor-size-md\" href=\"#\">\n\t\t\t\t\t\t<span class=\"elementor-button-content-wrapper\">\n\t\t\t\t\t\t\t\t\t<span class=\"elementor-button-text\">\u018fTRAFLI<\/span>\n\t\t\t\t\t<\/span>\n\t\t\t\t\t<\/a>\n\t\t\t\t<\/div>\n\t\t\t\t\t\t\t\t<\/div>\n\t\t\t\t<\/div>\n\t\t\t\t\t<\/div>\n\t\t<\/div>\n\t\t\t\t<div class=\"elementor-column elementor-col-25 elementor-inner-column elementor-element elementor-element-10e06dae\" data-id=\"10e06dae\" data-element_type=\"column\">\n\t\t\t<div class=\"elementor-widget-wrap elementor-element-populated\">\n\t\t\t\t\t\t<div class=\"elementor-element elementor-element-21d1d213 elementor-invisible elementor-widget elementor-widget-image\" data-id=\"21d1d213\" data-element_type=\"widget\" data-settings=\"{&quot;_animation&quot;:&quot;fadeInUp&quot;,&quot;_animation_delay&quot;:2000}\" data-widget_type=\"image.default\">\n\t\t\t\t<div class=\"elementor-widget-container\">\n\t\t\t\t\t\t\t\t\t\t\t\t\t\t\t<img fetchpriority=\"high\" decoding=\"async\" width=\"4654\" height=\"4111\" src=\"https:\/\/diamondcenter.az\/wp-content\/uploads\/2025\/01\/diamond.png\" class=\"attachment-full size-full wp-image-138\" alt=\"\" srcset=\"https:\/\/diamondcenter.az\/wp-content\/uploads\/2025\/01\/diamond.png 4654w, https:\/\/diamondcenter.az\/wp-content\/uploads\/2025\/01\/diamond-300x265.png 300w, https:\/\/diamondcenter.az\/wp-content\/uploads\/2025\/01\/diamond-1024x905.png 1024w, https:\/\/diamondcenter.az\/wp-content\/uploads\/2025\/01\/diamond-768x678.png 768w, https:\/\/diamondcenter.az\/wp-content\/uploads\/2025\/01\/diamond-1536x1357.png 1536w, https:\/\/diamondcenter.az\/wp-content\/uploads\/2025\/01\/diamond-2048x1809.png 2048w, https:\/\/diamondcenter.az\/wp-content\/uploads\/2025\/01\/diamond-650x574.png 650w\" sizes=\"(max-width: 4654px) 100vw, 4654px\" \/>\t\t\t\t\t\t\t\t\t\t\t\t\t\t\t<\/div>\n\t\t\t\t<\/div>\n\t\t\t\t<div class=\"elementor-element elementor-element-1b083d98 elementor-invisible elementor-widget elementor-widget-heading\" data-id=\"1b083d98\" data-element_type=\"widget\" data-settings=\"{&quot;_animation&quot;:&quot;fadeInUp&quot;,&quot;_animation_delay&quot;:2200}\" data-widget_type=\"heading.default\">\n\t\t\t\t<div class=\"elementor-widget-container\">\n\t\t\t\t\t<h4 class=\"elementor-heading-title elementor-size-default\">Ruhsal Qidalanma v\u0259 Sa\u011flam Ya\u015fam<\/h4>\t\t\t\t<\/div>\n\t\t\t\t<\/div>\n\t\t\t\t<div class=\"elementor-element elementor-element-73ab56a0 elementor-align-center elementor-invisible elementor-widget elementor-widget-button\" data-id=\"73ab56a0\" data-element_type=\"widget\" data-settings=\"{&quot;_animation&quot;:&quot;fadeInUp&quot;,&quot;_animation_delay&quot;:1000}\" data-widget_type=\"button.default\">\n\t\t\t\t<div class=\"elementor-widget-container\">\n\t\t\t\t\t\t\t\t\t<div class=\"elementor-button-wrapper\">\n\t\t\t\t\t<a class=\"elementor-button elementor-button-link elementor-size-md\" href=\"#\">\n\t\t\t\t\t\t<span class=\"elementor-button-content-wrapper\">\n\t\t\t\t\t\t\t\t\t<span class=\"elementor-button-text\">\u018fTRAFLI<\/span>\n\t\t\t\t\t<\/span>\n\t\t\t\t\t<\/a>\n\t\t\t\t<\/div>\n\t\t\t\t\t\t\t\t<\/div>\n\t\t\t\t<\/div>\n\t\t\t\t\t<\/div>\n\t\t<\/div>\n\t\t\t\t<div class=\"elementor-column elementor-col-25 elementor-inner-column elementor-element elementor-element-21df2729\" data-id=\"21df2729\" data-element_type=\"column\">\n\t\t\t<div class=\"elementor-widget-wrap elementor-element-populated\">\n\t\t\t\t\t\t<div class=\"elementor-element elementor-element-3dbc175d elementor-invisible elementor-widget elementor-widget-image\" data-id=\"3dbc175d\" data-element_type=\"widget\" data-settings=\"{&quot;_animation&quot;:&quot;fadeInUp&quot;,&quot;_animation_delay&quot;:2800}\" data-widget_type=\"image.default\">\n\t\t\t\t<div class=\"elementor-widget-container\">\n\t\t\t\t\t\t\t\t\t\t\t\t\t\t\t<img fetchpriority=\"high\" decoding=\"async\" width=\"4654\" height=\"4111\" src=\"https:\/\/diamondcenter.az\/wp-content\/uploads\/2025\/01\/diamond.png\" class=\"attachment-full size-full wp-image-138\" alt=\"\" srcset=\"https:\/\/diamondcenter.az\/wp-content\/uploads\/2025\/01\/diamond.png 4654w, https:\/\/diamondcenter.az\/wp-content\/uploads\/2025\/01\/diamond-300x265.png 300w, https:\/\/diamondcenter.az\/wp-content\/uploads\/2025\/01\/diamond-1024x905.png 1024w, https:\/\/diamondcenter.az\/wp-content\/uploads\/2025\/01\/diamond-768x678.png 768w, https:\/\/diamondcenter.az\/wp-content\/uploads\/2025\/01\/diamond-1536x1357.png 1536w, https:\/\/diamondcenter.az\/wp-content\/uploads\/2025\/01\/diamond-2048x1809.png 2048w, https:\/\/diamondcenter.az\/wp-content\/uploads\/2025\/01\/diamond-650x574.png 650w\" sizes=\"(max-width: 4654px) 100vw, 4654px\" \/>\t\t\t\t\t\t\t\t\t\t\t\t\t\t\t<\/div>\n\t\t\t\t<\/div>\n\t\t\t\t<div class=\"elementor-element elementor-element-11ae7a9 elementor-invisible elementor-widget elementor-widget-heading\" data-id=\"11ae7a9\" data-element_type=\"widget\" data-settings=\"{&quot;_animation&quot;:&quot;fadeInUp&quot;,&quot;_animation_delay&quot;:3000}\" data-widget_type=\"heading.default\">\n\t\t\t\t<div class=\"elementor-widget-container\">\n\t\t\t\t\t<h4 class=\"elementor-heading-title elementor-size-default\">F\u0259rdi inki\u015faf\n<br>t\u0259liml\u0259ri<\/h4>\t\t\t\t<\/div>\n\t\t\t\t<\/div>\n\t\t\t\t<div class=\"elementor-element elementor-element-27147e6 elementor-align-center elementor-invisible elementor-widget elementor-widget-button\" data-id=\"27147e6\" data-element_type=\"widget\" data-settings=\"{&quot;_animation&quot;:&quot;fadeInUp&quot;,&quot;_animation_delay&quot;:1000}\" data-widget_type=\"button.default\">\n\t\t\t\t<div class=\"elementor-widget-container\">\n\t\t\t\t\t\t\t\t\t<div class=\"elementor-button-wrapper\">\n\t\t\t\t\t<a class=\"elementor-button elementor-button-link elementor-size-md\" href=\"#\">\n\t\t\t\t\t\t<span class=\"elementor-button-content-wrapper\">\n\t\t\t\t\t\t\t\t\t<span class=\"elementor-button-text\">\u018fTRAFLI<\/span>\n\t\t\t\t\t<\/span>\n\t\t\t\t\t<\/a>\n\t\t\t\t<\/div>\n\t\t\t\t\t\t\t\t<\/div>\n\t\t\t\t<\/div>\n\t\t\t\t\t<\/div>\n\t\t<\/div>\n\t\t\t\t\t<\/div>\n\t\t<\/section>\n\t\t\t\t\t<\/div>\n\t\t<\/div>\n\t\t\t\t\t<\/div>\n\t\t<\/section>\n\t\t\t\t<\/div>\n\t\t","protected":false},"excerpt":{"rendered":"<p>Xidm\u0259tl\u0259r X\u0130DM\u018fTL\u018fR\u0130M\u0130Z B\u0130Z HANSI X\u0130DM\u018fTL\u018fR\u0130 G\u00d6ST\u018fR\u0130R\u0130K? \u00dcmumi psixoloji xidm\u0259tl\u0259r \u018fTRAFLI U\u015faqlar \u00fc\u00e7\u00fcn psixoloji xidm\u0259tl\u0259r \u018fTRAFLI Ruhsal Qidalanma v\u0259 Sa\u011flam Ya\u015fam \u018fTRAFLI F\u0259rdi [&hellip;]<\/p>\n","protected":false},"author":1,"featured_media":0,"parent":0,"menu_order":0,"comment_status":"closed","ping_status":"closed","template":"","meta":{"footnotes":""},"class_list":["post-509","page","type-page","status-publish","hentry"],"_links":{"self":[{"href":"https:\/\/diamondcenter.az\/index.php?rest_route=\/wp\/v2\/pages\/509","targetHints":{"allow":["GET"]}}],"collection":[{"href":"https:\/\/diamondcenter.az\/index.php?rest_route=\/wp\/v2\/pages"}],"about":[{"href":"https:\/\/diamondcenter.az\/index.php?rest_route=\/wp\/v2\/types\/page"}],"author":[{"embeddable":true,"href":"https:\/\/diamondcenter.az\/index.php?rest_route=\/wp\/v2\/users\/1"}],"replies":[{"embeddable":true,"href":"https:\/\/diamondcenter.az\/index.php?rest_route=%2Fwp%2Fv2%2Fcomments&post=509"}],"version-history":[{"count":7,"href":"https:\/\/diamondcenter.az\/index.php?rest_route=\/wp\/v2\/pages\/509\/revisions"}],"predecessor-version":[{"id":590,"href":"https:\/\/diamondcenter.az\/index.php?rest_route=\/wp\/v2\/pages\/509\/revisions\/590"}],"wp:attachment":[{"href":"https:\/\/diamondcenter.az\/index.php?rest_route=%2Fwp%2Fv2%2Fmedia&parent=509"}],"curies":[{"name":"wp","href":"https:\/\/api.w.org\/{rel}","templated":true}]}}