{"id":489,"date":"2025-02-18T00:17:07","date_gmt":"2025-02-17T20:17:07","guid":{"rendered":"https:\/\/diamondcenter.az\/?page_id=489"},"modified":"2025-07-15T15:22:48","modified_gmt":"2025-07-15T11:22:48","slug":"r%c9%99hb%c9%99rlik","status":"publish","type":"page","link":"https:\/\/diamondcenter.az\/?page_id=489","title":{"rendered":"R\u0259hb\u0259rlik"},"content":{"rendered":"\t\t<div data-elementor-type=\"wp-page\" data-elementor-id=\"489\" class=\"elementor elementor-489\" data-elementor-settings=\"{&quot;element_pack_global_tooltip_width&quot;:{&quot;unit&quot;:&quot;px&quot;,&quot;size&quot;:&quot;&quot;,&quot;sizes&quot;:[]},&quot;element_pack_global_tooltip_width_tablet&quot;:{&quot;unit&quot;:&quot;px&quot;,&quot;size&quot;:&quot;&quot;,&quot;sizes&quot;:[]},&quot;element_pack_global_tooltip_width_mobile&quot;:{&quot;unit&quot;:&quot;px&quot;,&quot;size&quot;:&quot;&quot;,&quot;sizes&quot;:[]},&quot;element_pack_global_tooltip_padding&quot;:{&quot;unit&quot;:&quot;px&quot;,&quot;top&quot;:&quot;&quot;,&quot;right&quot;:&quot;&quot;,&quot;bottom&quot;:&quot;&quot;,&quot;left&quot;:&quot;&quot;,&quot;isLinked&quot;:true},&quot;element_pack_global_tooltip_padding_tablet&quot;:{&quot;unit&quot;:&quot;px&quot;,&quot;top&quot;:&quot;&quot;,&quot;right&quot;:&quot;&quot;,&quot;bottom&quot;:&quot;&quot;,&quot;left&quot;:&quot;&quot;,&quot;isLinked&quot;:true},&quot;element_pack_global_tooltip_padding_mobile&quot;:{&quot;unit&quot;:&quot;px&quot;,&quot;top&quot;:&quot;&quot;,&quot;right&quot;:&quot;&quot;,&quot;bottom&quot;:&quot;&quot;,&quot;left&quot;:&quot;&quot;,&quot;isLinked&quot;:true},&quot;element_pack_global_tooltip_border_radius&quot;:{&quot;unit&quot;:&quot;px&quot;,&quot;top&quot;:&quot;&quot;,&quot;right&quot;:&quot;&quot;,&quot;bottom&quot;:&quot;&quot;,&quot;left&quot;:&quot;&quot;,&quot;isLinked&quot;:true},&quot;element_pack_global_tooltip_border_radius_tablet&quot;:{&quot;unit&quot;:&quot;px&quot;,&quot;top&quot;:&quot;&quot;,&quot;right&quot;:&quot;&quot;,&quot;bottom&quot;:&quot;&quot;,&quot;left&quot;:&quot;&quot;,&quot;isLinked&quot;:true},&quot;element_pack_global_tooltip_border_radius_mobile&quot;:{&quot;unit&quot;:&quot;px&quot;,&quot;top&quot;:&quot;&quot;,&quot;right&quot;:&quot;&quot;,&quot;bottom&quot;:&quot;&quot;,&quot;left&quot;:&quot;&quot;,&quot;isLinked&quot;:true}}\" data-elementor-post-type=\"page\">\n\t\t\t\t<div class=\"elementor-element elementor-element-c62c189 bdt-particles-yes e-flex e-con-boxed e-con e-parent\" data-id=\"c62c189\" data-element_type=\"container\" data-settings=\"{&quot;background_background&quot;:&quot;classic&quot;,&quot;section_particles_on&quot;:&quot;yes&quot;}\">\n\t\t\t\t\t<div class=\"e-con-inner\">\n\t\t\t\t<div class=\"elementor-element elementor-element-a35baa7 elementor-widget elementor-widget-heading\" data-id=\"a35baa7\" data-element_type=\"widget\" data-widget_type=\"heading.default\">\n\t\t\t\t<div class=\"elementor-widget-container\">\n\t\t\t\t\t<h2 class=\"elementor-heading-title elementor-size-default\">R\u0259hb\u0259rlik<\/h2>\t\t\t\t<\/div>\n\t\t\t\t<\/div>\n\t\t\t\t\t<\/div>\n\t\t\t\t<\/div>\n\t\t<div class=\"elementor-element elementor-element-f357f26 e-flex e-con-boxed e-con e-parent\" data-id=\"f357f26\" data-element_type=\"container\">\n\t\t\t\t\t<div class=\"e-con-inner\">\n\t\t\t\t<div class=\"elementor-element elementor-element-013f27b elementor-widget elementor-widget-spacer\" data-id=\"013f27b\" data-element_type=\"widget\" data-widget_type=\"spacer.default\">\n\t\t\t\t<div class=\"elementor-widget-container\">\n\t\t\t\t\t\t\t<div class=\"elementor-spacer\">\n\t\t\t<div class=\"elementor-spacer-inner\"><\/div>\n\t\t<\/div>\n\t\t\t\t\t\t<\/div>\n\t\t\t\t<\/div>\n\t\t\t\t\t<\/div>\n\t\t\t\t<\/div>\n\t\t<div class=\"elementor-element elementor-element-1499500 e-flex e-con-boxed e-con e-parent\" data-id=\"1499500\" data-element_type=\"container\">\n\t\t\t\t\t<div class=\"e-con-inner\">\n\t\t<div class=\"elementor-element elementor-element-fca79b4 e-con-full e-flex e-con e-child\" data-id=\"fca79b4\" data-element_type=\"container\">\n\t\t\t\t<div class=\"elementor-element elementor-element-ca9e384 elementor-widget elementor-widget-image\" data-id=\"ca9e384\" data-element_type=\"widget\" data-widget_type=\"image.default\">\n\t\t\t\t<div class=\"elementor-widget-container\">\n\t\t\t\t\t\t\t\t\t\t\t\t\t\t\t<img fetchpriority=\"high\" decoding=\"async\" width=\"683\" height=\"1024\" src=\"https:\/\/diamondcenter.az\/wp-content\/uploads\/2025\/07\/Vusal\u0259_Amirova-_Direktor-1-683x1024.jpg\" class=\"attachment-large size-large wp-image-649\" alt=\"\" srcset=\"https:\/\/diamondcenter.az\/wp-content\/uploads\/2025\/07\/Vusal\u0259_Amirova-_Direktor-1-683x1024.jpg 683w, https:\/\/diamondcenter.az\/wp-content\/uploads\/2025\/07\/Vusal\u0259_Amirova-_Direktor-1-200x300.jpg 200w, https:\/\/diamondcenter.az\/wp-content\/uploads\/2025\/07\/Vusal\u0259_Amirova-_Direktor-1-768x1152.jpg 768w, https:\/\/diamondcenter.az\/wp-content\/uploads\/2025\/07\/Vusal\u0259_Amirova-_Direktor-1-1024x1536.jpg 1024w, https:\/\/diamondcenter.az\/wp-content\/uploads\/2025\/07\/Vusal\u0259_Amirova-_Direktor-1-433x650.jpg 433w, https:\/\/diamondcenter.az\/wp-content\/uploads\/2025\/07\/Vusal\u0259_Amirova-_Direktor-1.jpg 1365w\" sizes=\"(max-width: 683px) 100vw, 683px\" \/>\t\t\t\t\t\t\t\t\t\t\t\t\t\t\t<\/div>\n\t\t\t\t<\/div>\n\t\t\t\t<div class=\"elementor-element elementor-element-ae6d853 elementor-widget elementor-widget-heading\" data-id=\"ae6d853\" data-element_type=\"widget\" data-widget_type=\"heading.default\">\n\t\t\t\t<div class=\"elementor-widget-container\">\n\t\t\t\t\t<h5 class=\"elementor-heading-title elementor-size-default\">V\u00fcsal\u0259 \u018fmirova<br>(T\u0259sis\u00e7i v\u0259 direktor)<\/h5>\t\t\t\t<\/div>\n\t\t\t\t<\/div>\n\t\t\t\t<\/div>\n\t\t<div class=\"elementor-element elementor-element-492fcc5 e-con-full e-flex e-con e-child\" data-id=\"492fcc5\" data-element_type=\"container\">\n\t\t\t\t<div class=\"elementor-element elementor-element-70a5cb2 elementor-widget elementor-widget-image\" data-id=\"70a5cb2\" data-element_type=\"widget\" data-widget_type=\"image.default\">\n\t\t\t\t<div class=\"elementor-widget-container\">\n\t\t\t\t\t\t\t\t\t\t\t\t\t\t\t<img decoding=\"async\" width=\"683\" height=\"1024\" src=\"https:\/\/diamondcenter.az\/wp-content\/uploads\/2025\/07\/Ays\u0259n_M\u0259mm\u0259dova_-Icraci_Direktor-683x1024.jpg\" class=\"attachment-large size-large wp-image-625\" alt=\"\" srcset=\"https:\/\/diamondcenter.az\/wp-content\/uploads\/2025\/07\/Ays\u0259n_M\u0259mm\u0259dova_-Icraci_Direktor-683x1024.jpg 683w, https:\/\/diamondcenter.az\/wp-content\/uploads\/2025\/07\/Ays\u0259n_M\u0259mm\u0259dova_-Icraci_Direktor-200x300.jpg 200w, https:\/\/diamondcenter.az\/wp-content\/uploads\/2025\/07\/Ays\u0259n_M\u0259mm\u0259dova_-Icraci_Direktor-768x1152.jpg 768w, https:\/\/diamondcenter.az\/wp-content\/uploads\/2025\/07\/Ays\u0259n_M\u0259mm\u0259dova_-Icraci_Direktor-1024x1536.jpg 1024w, https:\/\/diamondcenter.az\/wp-content\/uploads\/2025\/07\/Ays\u0259n_M\u0259mm\u0259dova_-Icraci_Direktor-1365x2048.jpg 1365w, https:\/\/diamondcenter.az\/wp-content\/uploads\/2025\/07\/Ays\u0259n_M\u0259mm\u0259dova_-Icraci_Direktor-433x650.jpg 433w, https:\/\/diamondcenter.az\/wp-content\/uploads\/2025\/07\/Ays\u0259n_M\u0259mm\u0259dova_-Icraci_Direktor-scaled.jpg 1707w\" sizes=\"(max-width: 683px) 100vw, 683px\" \/>\t\t\t\t\t\t\t\t\t\t\t\t\t\t\t<\/div>\n\t\t\t\t<\/div>\n\t\t\t\t<div class=\"elementor-element elementor-element-b2657b1 elementor-widget elementor-widget-heading\" data-id=\"b2657b1\" data-element_type=\"widget\" data-widget_type=\"heading.default\">\n\t\t\t\t<div class=\"elementor-widget-container\">\n\t\t\t\t\t<h5 class=\"elementor-heading-title elementor-size-default\">Ay\u015f\u0259n M\u0259mm\u0259dova<br>(\u0130cra\u00e7\u0131 direktor)<\/h5>\t\t\t\t<\/div>\n\t\t\t\t<\/div>\n\t\t\t\t<\/div>\n\t\t\t\t\t<\/div>\n\t\t\t\t<\/div>\n\t\t<div class=\"elementor-element elementor-element-c8d1e09 e-flex e-con-boxed e-con e-parent\" data-id=\"c8d1e09\" data-element_type=\"container\">\n\t\t\t\t\t<div class=\"e-con-inner\">\n\t\t\t\t<div class=\"elementor-element elementor-element-f8b7b51 elementor-widget elementor-widget-spacer\" data-id=\"f8b7b51\" data-element_type=\"widget\" data-widget_type=\"spacer.default\">\n\t\t\t\t<div class=\"elementor-widget-container\">\n\t\t\t\t\t\t\t<div class=\"elementor-spacer\">\n\t\t\t<div class=\"elementor-spacer-inner\"><\/div>\n\t\t<\/div>\n\t\t\t\t\t\t<\/div>\n\t\t\t\t<\/div>\n\t\t\t\t\t<\/div>\n\t\t\t\t<\/div>\n\t\t\t\t<\/div>\n\t\t","protected":false},"excerpt":{"rendered":"<p>R\u0259hb\u0259rlik V\u00fcsal\u0259 \u018fmirova(T\u0259sis\u00e7i v\u0259 direktor) Ay\u015f\u0259n M\u0259mm\u0259dova(\u0130cra\u00e7\u0131 direktor)<\/p>\n","protected":false},"author":1,"featured_media":0,"parent":0,"menu_order":0,"comment_status":"closed","ping_status":"closed","template":"","meta":{"footnotes":""},"class_list":["post-489","page","type-page","status-publish","hentry"],"_links":{"self":[{"href":"https:\/\/diamondcenter.az\/index.php?rest_route=\/wp\/v2\/pages\/489","targetHints":{"allow":["GET"]}}],"collection":[{"href":"https:\/\/diamondcenter.az\/index.php?rest_route=\/wp\/v2\/pages"}],"about":[{"href":"https:\/\/diamondcenter.az\/index.php?rest_route=\/wp\/v2\/types\/page"}],"author":[{"embeddable":true,"href":"https:\/\/diamondcenter.az\/index.php?rest_route=\/wp\/v2\/users\/1"}],"replies":[{"embeddable":true,"href":"https:\/\/diamondcenter.az\/index.php?rest_route=%2Fwp%2Fv2%2Fcomments&post=489"}],"version-history":[{"count":14,"href":"https:\/\/diamondcenter.az\/index.php?rest_route=\/wp\/v2\/pages\/489\/revisions"}],"predecessor-version":[{"id":687,"href":"https:\/\/diamondcenter.az\/index.php?rest_route=\/wp\/v2\/pages\/489\/revisions\/687"}],"wp:attachment":[{"href":"https:\/\/diamondcenter.az\/index.php?rest_route=%2Fwp%2Fv2%2Fmedia&parent=489"}],"curies":[{"name":"wp","href":"https:\/\/api.w.org\/{rel}","templated":true}]}}